{"id":14857,"date":"2023-05-18T13:20:20","date_gmt":"2023-05-18T12:20:20","guid":{"rendered":"https:\/\/app.divetour.eu\/como\/"},"modified":"2023-05-18T13:20:20","modified_gmt":"2023-05-18T12:20:20","slug":"como","status":"publish","type":"page","link":"https:\/\/app.divetour.eu\/es\/como\/","title":{"rendered":"C\u00f3mo"},"content":{"rendered":"\n<div class=\"wp-block-cover alignfull\" style=\"min-height:400px;aspect-ratio:unset;\"><span aria-hidden=\"true\" class=\"wp-block-cover__background has-background-dim-80 has-background-dim\" style=\"background-color:#164194\"><\/span><img loading=\"lazy\" decoding=\"async\" width=\"1920\" height=\"1080\" class=\"wp-block-cover__image-background wp-image-13063\" alt=\"\" src=\"https:\/\/app.divetour.eu\/wp-content\/uploads\/2023\/02\/Banner_Bianco_Nero.png\" style=\"object-position:50% 23%\" data-object-fit=\"cover\" data-object-position=\"50% 23%\" srcset=\"https:\/\/app.divetour.eu\/wp-content\/uploads\/2023\/02\/Banner_Bianco_Nero.png 1920w, https:\/\/app.divetour.eu\/wp-content\/uploads\/2023\/02\/Banner_Bianco_Nero-300x169.png 300w, https:\/\/app.divetour.eu\/wp-content\/uploads\/2023\/02\/Banner_Bianco_Nero-1024x576.png 1024w, https:\/\/app.divetour.eu\/wp-content\/uploads\/2023\/02\/Banner_Bianco_Nero-768x432.png 768w, https:\/\/app.divetour.eu\/wp-content\/uploads\/2023\/02\/Banner_Bianco_Nero-1536x864.png 1536w, https:\/\/app.divetour.eu\/wp-content\/uploads\/2023\/02\/Banner_Bianco_Nero-50x28.png 50w, https:\/\/app.divetour.eu\/wp-content\/uploads\/2023\/02\/Banner_Bianco_Nero-250x141.png 250w\" sizes=\"(max-width: 1920px) 100vw, 1920px\" \/><div class=\"wp-block-cover__inner-container is-layout-flow wp-block-cover-is-layout-flow\">\n<h1 class=\"has-text-align-center wp-block-heading\" style=\"font-size:3em;font-style:normal;font-weight:500\">C\u00f3mo<\/h1>\n<\/div><\/div>\n\n<p>Esta p\u00e1gina ofrece informaci\u00f3n sobre la aplicaci\u00f3n web m\u00f3vil, presenta los tipos de ejercicios para pasar y explica c\u00f3mo ganar puntos y rangos.<\/p>\n\n<div class=\"wp-block-group max-width-group\"><div class=\"wp-block-group__inner-container is-layout-flow wp-block-group-is-layout-flow\">\n<p>Con <strong>Divetour Web-App<\/strong> puede mejorar sus conocimientos y habilidades para crear un turismo realmente accesible para todos. Lea los siguientes instrucciones y descubra <em>c\u00f3mo<\/em> funciona la aplicaci\u00f3n de juego. \u00bfListo para empezar?<\/p>\n\n\n\n<ul class=\"wp-block-list\">\n<li><a href=\"#online-browsing-and-download\">Navegaci\u00f3n y descarga en l\u00ednea<\/a><\/li>\n\n\n\n<li><a href=\"#points-and-ranks\">Puntos y clasificaciones<\/a><\/li>\n<\/ul>\n<\/div><\/div>\n\n<hr class=\"wp-block-separator has-text-color has-accent-color has-css-opacity has-accent-background-color has-background is-style-wide\"\/>\n\n<h2 class=\"has-text-align-center has-accent-color has-text-color wp-block-heading\" id=\"online-browsing-and-download\">Navegaci\u00f3n y descarga en l\u00ednea<\/h2>\n\n<h2 class=\"wp-block-heading\">1. Usando en un PC<\/h2>\n\n<p>Para usar la <strong>aplicaci\u00f3n web m\u00f3vil en un PC<\/strong>, simplemente debe visitar la URL <a href=\"https:\/\/gwbapp.eu\/\">App.Divetour.eu<\/a> y navegar como un sitio web est\u00e1ndar.<\/p>\n<div class=\"wp-block-image\">\n<figure class=\"aligncenter size-full is-resized\"><img loading=\"lazy\" decoding=\"async\" src=\"https:\/\/app.divetour.eu\/wp-content\/uploads\/2023\/03\/Mockup-Divetour.png\" alt=\"\" class=\"wp-image-13941\" width=\"496\" height=\"361\" srcset=\"https:\/\/app.divetour.eu\/wp-content\/uploads\/2023\/03\/Mockup-Divetour.png 992w, https:\/\/app.divetour.eu\/wp-content\/uploads\/2023\/03\/Mockup-Divetour-300x218.png 300w, https:\/\/app.divetour.eu\/wp-content\/uploads\/2023\/03\/Mockup-Divetour-768x559.png 768w, https:\/\/app.divetour.eu\/wp-content\/uploads\/2023\/03\/Mockup-Divetour-75x55.png 75w, https:\/\/app.divetour.eu\/wp-content\/uploads\/2023\/03\/Mockup-Divetour-125x91.png 125w\" sizes=\"(max-width: 496px) 100vw, 496px\" \/><\/figure><\/div>\n<h2 class=\"wp-block-heading\">2. Descargar en su dispositivo m\u00f3vil<\/h2>\n\n<p>Para <strong>descargar la aplicaci\u00f3n web m\u00f3vil en su tel\u00e9fono o tableta<\/strong>, visite la misma URL usando un navegador en su dispositivo m\u00f3vil y:<\/p>\n\n<ul class=\"wp-block-list\">\n<li>Despu\u00e9s de unos segundos, aparecer\u00e1 un peque\u00f1o banner en la parte inferior de la pantalla que muestra las palabras <em>\u00abAgregar aplicaci\u00f3n Divetour a la pantalla de inicio\u00bb<\/em> -&gt;&gt; Presione el banner.<\/li>\n<\/ul>\n\n<ul class=\"wp-block-list\">\n<li>En algunos modelos de tel\u00e9fono, y dependiendo del navegador en uso, el banner puede no aparecer, \u00a1pero no hay problema! En este caso, <strong>vaya al men\u00fa del navegador que est\u00e1 utilizando<\/strong> (en la imagen a continuaci\u00f3n est\u00e1 representado por los 3 puntos en la parte superior derecha) y seleccione el elemento <em>\u00abAgregar a la pantalla de inicio\u00bb.<\/em><\/li>\n<\/ul>\n\n<p><strong>Aparecer\u00e1 un \u00edcono en la pantalla de su dispositivo,<\/strong> desde el cual puede recordar la aplicaci\u00f3n al igual que las que descarga de las tiendas de aplicaciones tradicionales.<\/p>\n\n<hr class=\"wp-block-separator has-text-color has-accent-color has-css-opacity has-accent-background-color has-background is-style-wide\"\/>\n\n<h2 class=\"has-text-align-center wp-block-heading\" id=\"points-and-ranks\">Puntos y clasificaciones<\/h2>\n\n<div style=\"height:25px\" aria-hidden=\"true\" class=\"wp-block-spacer\"><\/div>\n\n<h3 class=\"has-text-align-center wp-block-heading\"><strong>Puntos <\/strong><\/h3>\n\n<div class=\"wp-block-columns is-layout-flex wp-container-core-columns-is-layout-1 wp-block-columns-is-layout-flex\">\n<div class=\"wp-block-column is-layout-flow wp-block-column-is-layout-flow\" style=\"flex-basis:25%\"><div class=\"wp-block-image\">\n<figure class=\"aligncenter size-medium is-resized\"><img loading=\"lazy\" decoding=\"async\" src=\"https:\/\/app.divetour.eu\/wp-content\/uploads\/2023\/02\/Bandiera-225x300.png\" alt=\"\" class=\"wp-image-12981\" width=\"56\" height=\"75\" srcset=\"https:\/\/app.divetour.eu\/wp-content\/uploads\/2023\/02\/Bandiera-225x300.png 225w, https:\/\/app.divetour.eu\/wp-content\/uploads\/2023\/02\/Bandiera-187x250.png 187w, https:\/\/app.divetour.eu\/wp-content\/uploads\/2023\/02\/Bandiera.png 515w\" sizes=\"(max-width: 56px) 100vw, 56px\" \/><figcaption class=\"wp-element-caption\">Banderas<\/figcaption><\/figure><\/div><\/div>\n\n\n\n<div class=\"wp-block-column is-layout-flow wp-block-column-is-layout-flow\">\n<p class=\"has-text-align-left\"><br\/><strong>Banderas:<\/strong> se les otorga cuando completa ejercicios desafiantes, como <em>escenarios<\/em> y <em>tareas de realidad.<\/em><\/p>\n<\/div>\n<\/div>\n\n<div class=\"wp-block-columns is-layout-flex wp-container-core-columns-is-layout-2 wp-block-columns-is-layout-flex\">\n<div class=\"wp-block-column is-layout-flow wp-block-column-is-layout-flow\" style=\"flex-basis:25%\"><div class=\"wp-block-image\">\n<figure class=\"aligncenter size-medium is-resized\"><img loading=\"lazy\" decoding=\"async\" src=\"https:\/\/app.divetour.eu\/wp-content\/uploads\/2023\/02\/Pointer-240x300.png\" alt=\"\" class=\"wp-image-12986\" width=\"60\" height=\"75\" srcset=\"https:\/\/app.divetour.eu\/wp-content\/uploads\/2023\/02\/Pointer-240x300.png 240w, https:\/\/app.divetour.eu\/wp-content\/uploads\/2023\/02\/Pointer-200x250.png 200w, https:\/\/app.divetour.eu\/wp-content\/uploads\/2023\/02\/Pointer.png 515w\" sizes=\"(max-width: 60px) 100vw, 60px\" \/><figcaption class=\"wp-element-caption\">Miles<\/figcaption><\/figure><\/div><\/div>\n\n\n\n<div class=\"wp-block-column is-layout-flow wp-block-column-is-layout-flow\">\n<p class=\"has-text-align-left\"><br\/><strong>Miles:<\/strong> se les otorga cuando completas ejercicios nocionales, como <em>cuestionarios<\/em> e <em>historias.<\/em><\/p>\n<\/div>\n<\/div>\n\n<div class=\"wp-block-columns is-layout-flex wp-container-core-columns-is-layout-3 wp-block-columns-is-layout-flex\">\n<div class=\"wp-block-column is-layout-flow wp-block-column-is-layout-flow\" style=\"flex-basis:25%\"><div class=\"wp-block-image\">\n<figure class=\"aligncenter size-medium is-resized\"><img loading=\"lazy\" decoding=\"async\" src=\"https:\/\/app.divetour.eu\/wp-content\/uploads\/2023\/02\/Stampo-266x300.png\" alt=\"\" class=\"wp-image-12991\" width=\"67\" height=\"75\" srcset=\"https:\/\/app.divetour.eu\/wp-content\/uploads\/2023\/02\/Stampo-266x300.png 266w, https:\/\/app.divetour.eu\/wp-content\/uploads\/2023\/02\/Stampo-222x250.png 222w, https:\/\/app.divetour.eu\/wp-content\/uploads\/2023\/02\/Stampo.png 515w\" sizes=\"(max-width: 67px) 100vw, 67px\" \/><figcaption class=\"wp-element-caption\">Sellos<\/figcaption><\/figure><\/div><\/div>\n\n\n\n<div class=\"wp-block-column is-layout-flow wp-block-column-is-layout-flow\">\n<p class=\"has-text-align-left\"><br\/><strong>Sellos:<\/strong> se otorgan todos los d\u00edas cuando inicia sesi\u00f3n en la aplicaci\u00f3n web.<\/p>\n<\/div>\n<\/div>\n\n<div style=\"height:25px\" aria-hidden=\"true\" class=\"wp-block-spacer\"><\/div>\n\n<h3 class=\"has-text-align-center wp-block-heading\" id=\"ranks-types\"><strong>Rangos <\/strong><\/h3>\n\n<div class=\"wp-block-columns is-layout-flex wp-container-core-columns-is-layout-4 wp-block-columns-is-layout-flex\">\n<div class=\"wp-block-column is-layout-flow wp-block-column-is-layout-flow\" style=\"flex-basis:25%\"><div class=\"wp-block-image\">\n<figure class=\"aligncenter size-full\"><img loading=\"lazy\" decoding=\"async\" width=\"800\" height=\"600\" src=\"https:\/\/app.divetour.eu\/wp-content\/uploads\/2019\/02\/Macchina_foto_ragazza-1.png\" alt=\"\" class=\"wp-image-13009\" srcset=\"https:\/\/app.divetour.eu\/wp-content\/uploads\/2019\/02\/Macchina_foto_ragazza-1.png 800w, https:\/\/app.divetour.eu\/wp-content\/uploads\/2019\/02\/Macchina_foto_ragazza-1-300x225.png 300w, https:\/\/app.divetour.eu\/wp-content\/uploads\/2019\/02\/Macchina_foto_ragazza-1-768x576.png 768w, https:\/\/app.divetour.eu\/wp-content\/uploads\/2019\/02\/Macchina_foto_ragazza-1-50x38.png 50w, https:\/\/app.divetour.eu\/wp-content\/uploads\/2019\/02\/Macchina_foto_ragazza-1-250x188.png 250w\" sizes=\"(max-width: 800px) 100vw, 800px\" \/><figcaption class=\"wp-element-caption\">Rango tur\u00edstico<\/figcaption><\/figure><\/div><\/div>\n\n\n\n<div class=\"wp-block-column is-layout-flow wp-block-column-is-layout-flow\">\n<div style=\"height:30px\" aria-hidden=\"true\" class=\"wp-block-spacer\"><\/div>\n\n\n\n<p class=\"has-text-align-left\"><br\/><strong>Turista:<\/strong> es el rango inicial para todos los usuarios.<\/p>\n<\/div>\n\n\n\n<div class=\"wp-block-column is-layout-flow wp-block-column-is-layout-flow\">\n<div style=\"height:45px\" aria-hidden=\"true\" class=\"wp-block-spacer\"><\/div>\n\n\n<div class=\"wp-block-image\">\n<figure class=\"aligncenter size-full\"><img loading=\"lazy\" decoding=\"async\" width=\"799\" height=\"533\" src=\"https:\/\/app.divetour.eu\/wp-content\/uploads\/2019\/02\/Mappa_ragazzo2.png\" alt=\"\" class=\"wp-image-13002\" srcset=\"https:\/\/app.divetour.eu\/wp-content\/uploads\/2019\/02\/Mappa_ragazzo2.png 799w, https:\/\/app.divetour.eu\/wp-content\/uploads\/2019\/02\/Mappa_ragazzo2-300x200.png 300w, https:\/\/app.divetour.eu\/wp-content\/uploads\/2019\/02\/Mappa_ragazzo2-768x512.png 768w, https:\/\/app.divetour.eu\/wp-content\/uploads\/2019\/02\/Mappa_ragazzo2-50x33.png 50w, https:\/\/app.divetour.eu\/wp-content\/uploads\/2019\/02\/Mappa_ragazzo2-250x167.png 250w\" sizes=\"(max-width: 799px) 100vw, 799px\" \/><figcaption class=\"wp-element-caption\">Rango de aventurero<\/figcaption><\/figure><\/div><\/div>\n\n\n\n<div class=\"wp-block-column is-layout-flow wp-block-column-is-layout-flow\">\n<div style=\"height:45px\" aria-hidden=\"true\" class=\"wp-block-spacer\"><\/div>\n\n\n\n<p><strong>Aventurero:<\/strong> puedes desbloquear este rango completando la Misi\u00f3n 1.<\/p>\n<\/div>\n<\/div>\n\n<div class=\"wp-block-columns is-layout-flex wp-container-core-columns-is-layout-5 wp-block-columns-is-layout-flex\">\n<div class=\"wp-block-column is-layout-flow wp-block-column-is-layout-flow\" style=\"flex-basis:25%\"><div class=\"wp-block-image\">\n<figure class=\"aligncenter size-full\"><img loading=\"lazy\" decoding=\"async\" width=\"800\" height=\"600\" src=\"https:\/\/app.divetour.eu\/wp-content\/uploads\/2023\/02\/Mondo_Vespista.png\" alt=\"\" class=\"wp-image-12997\" srcset=\"https:\/\/app.divetour.eu\/wp-content\/uploads\/2023\/02\/Mondo_Vespista.png 800w, https:\/\/app.divetour.eu\/wp-content\/uploads\/2023\/02\/Mondo_Vespista-300x225.png 300w, https:\/\/app.divetour.eu\/wp-content\/uploads\/2023\/02\/Mondo_Vespista-768x576.png 768w, https:\/\/app.divetour.eu\/wp-content\/uploads\/2023\/02\/Mondo_Vespista-50x38.png 50w, https:\/\/app.divetour.eu\/wp-content\/uploads\/2023\/02\/Mondo_Vespista-250x188.png 250w\" sizes=\"(max-width: 800px) 100vw, 800px\" \/><figcaption class=\"wp-element-caption\">Rango Trotamundos<\/figcaption><\/figure><\/div><\/div>\n\n\n\n<div class=\"wp-block-column is-layout-flow wp-block-column-is-layout-flow\">\n<p class=\"has-text-align-left\"><br\/><strong>Trotamundos:<\/strong> puedes desbloquear este rango completando la misi\u00f3n 2.<\/p>\n<\/div>\n\n\n\n<div class=\"wp-block-column is-layout-flow wp-block-column-is-layout-flow\"><div class=\"wp-block-image\">\n<figure class=\"aligncenter size-full\"><img loading=\"lazy\" decoding=\"async\" width=\"800\" height=\"600\" src=\"https:\/\/app.divetour.eu\/wp-content\/uploads\/2019\/02\/Telescopio_ragazza.png\" alt=\"\" class=\"wp-image-13014\" srcset=\"https:\/\/app.divetour.eu\/wp-content\/uploads\/2019\/02\/Telescopio_ragazza.png 800w, https:\/\/app.divetour.eu\/wp-content\/uploads\/2019\/02\/Telescopio_ragazza-300x225.png 300w, https:\/\/app.divetour.eu\/wp-content\/uploads\/2019\/02\/Telescopio_ragazza-768x576.png 768w, https:\/\/app.divetour.eu\/wp-content\/uploads\/2019\/02\/Telescopio_ragazza-50x38.png 50w, https:\/\/app.divetour.eu\/wp-content\/uploads\/2019\/02\/Telescopio_ragazza-250x188.png 250w\" sizes=\"(max-width: 800px) 100vw, 800px\" \/><figcaption class=\"wp-element-caption\">Rango de explorador<\/figcaption><\/figure><\/div><\/div>\n\n\n\n<div class=\"wp-block-column is-layout-flow wp-block-column-is-layout-flow\">\n<p class=\"has-text-align-left\"><br\/><strong>Explorador:<\/strong> puedes desbloquear este rango completando todas las Misiones.<\/p>\n<\/div>\n<\/div>\n","protected":false},"excerpt":{"rendered":"<p>Esta p\u00e1gina ofrece informaci\u00f3n sobre la aplicaci\u00f3n web m\u00f3vil, presenta los tipos de ejercicios para pasar y explica c\u00f3mo ganar puntos y rangos. Con Divetour Web-App puede mejorar sus conocimientos y habilidades para crear un turismo realmente accesible para todos. Lea los siguientes instrucciones y descubra c\u00f3mo funciona la aplicaci\u00f3n de juego. \u00bfListo para empezar? &#8230; <a title=\"C\u00f3mo\" class=\"read-more\" href=\"https:\/\/app.divetour.eu\/es\/como\/\" aria-label=\"M\u00e1s en C\u00f3mo\">Read more<\/a><\/p>\n","protected":false},"author":288,"featured_media":0,"parent":0,"menu_order":4,"comment_status":"closed","ping_status":"closed","template":"","meta":{"footnotes":""},"class_list":["post-14857","page","type-page","status-publish"],"_links":{"self":[{"href":"https:\/\/app.divetour.eu\/es\/wp-json\/wp\/v2\/pages\/14857"}],"collection":[{"href":"https:\/\/app.divetour.eu\/es\/wp-json\/wp\/v2\/pages"}],"about":[{"href":"https:\/\/app.divetour.eu\/es\/wp-json\/wp\/v2\/types\/page"}],"author":[{"embeddable":true,"href":"https:\/\/app.divetour.eu\/es\/wp-json\/wp\/v2\/users\/288"}],"replies":[{"embeddable":true,"href":"https:\/\/app.divetour.eu\/es\/wp-json\/wp\/v2\/comments?post=14857"}],"version-history":[{"count":1,"href":"https:\/\/app.divetour.eu\/es\/wp-json\/wp\/v2\/pages\/14857\/revisions"}],"predecessor-version":[{"id":14858,"href":"https:\/\/app.divetour.eu\/es\/wp-json\/wp\/v2\/pages\/14857\/revisions\/14858"}],"wp:attachment":[{"href":"https:\/\/app.divetour.eu\/es\/wp-json\/wp\/v2\/media?parent=14857"}],"curies":[{"name":"wp","href":"https:\/\/api.w.org\/{rel}","templated":true}]}}