{"id":14199,"date":"2023-04-11T14:15:08","date_gmt":"2023-04-11T13:15:08","guid":{"rendered":"https:\/\/app.divetour.eu\/kreditai\/"},"modified":"2023-04-11T14:15:09","modified_gmt":"2023-04-11T13:15:09","slug":"kreditai-2","status":"publish","type":"page","link":"https:\/\/app.divetour.eu\/lt\/kreditai-2\/","title":{"rendered":"Kreditai"},"content":{"rendered":"\n<div style=\"height:20px\" aria-hidden=\"true\" class=\"wp-block-spacer\"><\/div>\n\n<h1 class=\"has-text-align-center wp-block-heading\">Kreditai<\/h1>\n\n<hr class=\"wp-block-separator has-css-opacity\"\/>\n\n<p>Projektas finansuojamas remiant Europos Komisijai. Turinys atspindi tik autori\u0173 po\u017ei\u016br\u012f, tod\u0117l Europos Komisija, jos institucijos ir \u0160vietimo main\u0173 paramos fondas negali b\u016bti laikomi atsakingi u\u017e turin\u012f ir bet kok\u012f pateikiamos informacijos naudojim\u0105.  <\/p>\n\n<p>Projekto Nr. 2021-1-LT01-KA220-VET-00032925<\/p>\n\n<hr class=\"wp-block-separator has-css-opacity\"\/>\n","protected":false},"excerpt":{"rendered":"<p>Kreditai Projektas finansuojamas remiant Europos Komisijai. Turinys atspindi tik autori\u0173 po\u017ei\u016br\u012f, tod\u0117l Europos Komisija, jos institucijos ir \u0160vietimo main\u0173 paramos fondas negali b\u016bti laikomi atsakingi u\u017e turin\u012f ir bet kok\u012f pateikiamos informacijos naudojim\u0105. Projekto Nr. 2021-1-LT01-KA220-VET-00032925<\/p>\n","protected":false},"author":288,"featured_media":0,"parent":0,"menu_order":28,"comment_status":"closed","ping_status":"closed","template":"","meta":{"footnotes":""},"class_list":["post-14199","page","type-page","status-publish"],"_links":{"self":[{"href":"https:\/\/app.divetour.eu\/lt\/wp-json\/wp\/v2\/pages\/14199"}],"collection":[{"href":"https:\/\/app.divetour.eu\/lt\/wp-json\/wp\/v2\/pages"}],"about":[{"href":"https:\/\/app.divetour.eu\/lt\/wp-json\/wp\/v2\/types\/page"}],"author":[{"embeddable":true,"href":"https:\/\/app.divetour.eu\/lt\/wp-json\/wp\/v2\/users\/288"}],"replies":[{"embeddable":true,"href":"https:\/\/app.divetour.eu\/lt\/wp-json\/wp\/v2\/comments?post=14199"}],"version-history":[{"count":1,"href":"https:\/\/app.divetour.eu\/lt\/wp-json\/wp\/v2\/pages\/14199\/revisions"}],"predecessor-version":[{"id":14200,"href":"https:\/\/app.divetour.eu\/lt\/wp-json\/wp\/v2\/pages\/14199\/revisions\/14200"}],"wp:attachment":[{"href":"https:\/\/app.divetour.eu\/lt\/wp-json\/wp\/v2\/media?parent=14199"}],"curies":[{"name":"wp","href":"https:\/\/api.w.org\/{rel}","templated":true}]}}