{"id":14251,"date":"2023-05-08T11:18:49","date_gmt":"2023-05-08T10:18:49","guid":{"rendered":"https:\/\/app.divetour.eu\/homepage-2\/"},"modified":"2023-06-12T10:43:03","modified_gmt":"2023-06-12T09:43:03","slug":"homepage-2","status":"publish","type":"page","link":"https:\/\/app.divetour.eu\/lt\/","title":{"rendered":"Pagrindinis"},"content":{"rendered":"\n<div class=\"wp-block-cover alignfull\" style=\"min-height:400px;aspect-ratio:unset;\"><span aria-hidden=\"true\" class=\"wp-block-cover__background has-accent-background-color has-background-dim-80 has-background-dim\"><\/span><img loading=\"lazy\" decoding=\"async\" width=\"1920\" height=\"1080\" class=\"wp-block-cover__image-background wp-image-12788\" alt=\"\" src=\"https:\/\/app.divetour.eu\/wp-content\/uploads\/2022\/12\/Banner_Bianco_Nero.png\" style=\"object-position:50% 23%\" data-object-fit=\"cover\" data-object-position=\"50% 23%\" srcset=\"https:\/\/app.divetour.eu\/wp-content\/uploads\/2022\/12\/Banner_Bianco_Nero.png 1920w, https:\/\/app.divetour.eu\/wp-content\/uploads\/2022\/12\/Banner_Bianco_Nero-300x169.png 300w, https:\/\/app.divetour.eu\/wp-content\/uploads\/2022\/12\/Banner_Bianco_Nero-1024x576.png 1024w, https:\/\/app.divetour.eu\/wp-content\/uploads\/2022\/12\/Banner_Bianco_Nero-768x432.png 768w, https:\/\/app.divetour.eu\/wp-content\/uploads\/2022\/12\/Banner_Bianco_Nero-1536x864.png 1536w, https:\/\/app.divetour.eu\/wp-content\/uploads\/2022\/12\/Banner_Bianco_Nero-250x141.png 250w\" sizes=\"(max-width: 1920px) 100vw, 1920px\" \/><div class=\"wp-block-cover__inner-container is-layout-flow wp-block-cover-is-layout-flow\">\n<h1 class=\"has-text-align-center has-base-3-color has-text-color wp-block-heading\" style=\"font-size:3em;font-style:normal;font-weight:500\">DIVETOUR<br>\u017daisk ir mokykis<\/h1>\n<\/div><\/div>\n\n\n\n<div class=\"wp-block-buttons alignwide is-content-justification-center is-layout-flex wp-container-core-buttons-is-layout-1 wp-block-buttons-is-layout-flex\">\n<div class=\"wp-block-button home_cover_button\"><a class=\"wp-block-button__link wp-element-button\" href=\"https:\/\/divetour.eu\/wp-content\/uploads\/2023\/01\/DIVETOUR_cMOOC_Terminolgy_Guide.Portrait.pdf\" target=\"_blank\" rel=\"noreferrer noopener\">\u017dodynas<\/a><\/div>\n<\/div>\n\n\n\n<div style=\"height:25px\" aria-hidden=\"true\" class=\"wp-block-spacer\"><\/div>\n\n\n\n<div class=\"wp-block-columns is-layout-flex wp-container-core-columns-is-layout-1 wp-block-columns-is-layout-flex\">\n<div class=\"wp-block-column is-vertically-aligned-top is-layout-flow wp-block-column-is-layout-flow\"><div class=\"wp-block-image is-style-default\">\n<figure class=\"aligncenter size-full\"><a href=\"https:\/\/app.divetour.eu\/lt\/courses\/1-misija-turizmas-visiems\/\"><img loading=\"lazy\" decoding=\"async\" width=\"521\" height=\"521\" src=\"https:\/\/app.divetour.eu\/wp-content\/uploads\/2023\/05\/Misija1.png\" alt=\"\" class=\"wp-image-15038\" srcset=\"https:\/\/app.divetour.eu\/wp-content\/uploads\/2023\/05\/Misija1.png 521w, https:\/\/app.divetour.eu\/wp-content\/uploads\/2023\/05\/Misija1-300x300.png 300w, https:\/\/app.divetour.eu\/wp-content\/uploads\/2023\/05\/Misija1-150x150.png 150w, https:\/\/app.divetour.eu\/wp-content\/uploads\/2023\/05\/Misija1-75x75.png 75w, https:\/\/app.divetour.eu\/wp-content\/uploads\/2023\/05\/Misija1-125x125.png 125w\" sizes=\"(max-width: 521px) 100vw, 521px\" \/><\/a><\/figure><\/div>\n\n\n<h2 class=\"has-text-align-center wp-block-heading\"><strong>Turizmas visiems<\/strong><\/h2>\n<\/div>\n\n\n\n<div class=\"wp-block-column is-layout-flow wp-block-column-is-layout-flow\"><div class=\"wp-block-image\">\n<figure class=\"aligncenter size-full\"><a href=\"https:\/\/app.divetour.eu\/lt\/courses\/mision-2-prieinamumas-kaip-verslo-galimybe\/\"><img loading=\"lazy\" decoding=\"async\" width=\"521\" height=\"521\" src=\"https:\/\/app.divetour.eu\/wp-content\/uploads\/2023\/05\/Misija2.png\" alt=\"\" class=\"wp-image-15043\" srcset=\"https:\/\/app.divetour.eu\/wp-content\/uploads\/2023\/05\/Misija2.png 521w, https:\/\/app.divetour.eu\/wp-content\/uploads\/2023\/05\/Misija2-300x300.png 300w, https:\/\/app.divetour.eu\/wp-content\/uploads\/2023\/05\/Misija2-150x150.png 150w, https:\/\/app.divetour.eu\/wp-content\/uploads\/2023\/05\/Misija2-75x75.png 75w, https:\/\/app.divetour.eu\/wp-content\/uploads\/2023\/05\/Misija2-125x125.png 125w\" sizes=\"(max-width: 521px) 100vw, 521px\" \/><\/a><\/figure><\/div>\n\n\n<h2 class=\"has-text-align-center wp-block-heading\"><strong>Prieinamumas kaip verslo galimyb\u0117<\/strong><\/h2>\n<\/div>\n<\/div>\n\n\n\n<p><\/p>\n\n\n\n<div class=\"wp-block-columns is-layout-flex wp-container-core-columns-is-layout-2 wp-block-columns-is-layout-flex\">\n<div class=\"wp-block-column is-layout-flow wp-block-column-is-layout-flow\"><div class=\"wp-block-image\">\n<figure class=\"aligncenter size-full\"><a href=\"https:\/\/app.divetour.eu\/lt\/courses\/3-misija-prieinamu-paslaugu-teikimas\/\"><img loading=\"lazy\" decoding=\"async\" width=\"521\" height=\"521\" src=\"https:\/\/app.divetour.eu\/wp-content\/uploads\/2023\/05\/Misija3.png\" alt=\"\" class=\"wp-image-15049\" srcset=\"https:\/\/app.divetour.eu\/wp-content\/uploads\/2023\/05\/Misija3.png 521w, https:\/\/app.divetour.eu\/wp-content\/uploads\/2023\/05\/Misija3-300x300.png 300w, https:\/\/app.divetour.eu\/wp-content\/uploads\/2023\/05\/Misija3-150x150.png 150w, https:\/\/app.divetour.eu\/wp-content\/uploads\/2023\/05\/Misija3-75x75.png 75w, https:\/\/app.divetour.eu\/wp-content\/uploads\/2023\/05\/Misija3-125x125.png 125w\" sizes=\"(max-width: 521px) 100vw, 521px\" \/><\/a><\/figure><\/div>\n\n\n<h2 class=\"has-text-align-center wp-block-heading\"><strong>Prieinam\u0173 paslaug\u0173 teikimas<\/strong><\/h2>\n<\/div>\n\n\n\n<div class=\"wp-block-column is-layout-flow wp-block-column-is-layout-flow\"><div class=\"wp-block-image\">\n<figure class=\"aligncenter size-full\"><a href=\"https:\/\/app.divetour.eu\/lt\/courses\/4-misija-nuo-zodzio-iki-pasaulio\/\"><img loading=\"lazy\" decoding=\"async\" width=\"521\" height=\"521\" src=\"https:\/\/app.divetour.eu\/wp-content\/uploads\/2023\/05\/Misija4.png\" alt=\"\" class=\"wp-image-15054\" srcset=\"https:\/\/app.divetour.eu\/wp-content\/uploads\/2023\/05\/Misija4.png 521w, https:\/\/app.divetour.eu\/wp-content\/uploads\/2023\/05\/Misija4-300x300.png 300w, https:\/\/app.divetour.eu\/wp-content\/uploads\/2023\/05\/Misija4-150x150.png 150w, https:\/\/app.divetour.eu\/wp-content\/uploads\/2023\/05\/Misija4-75x75.png 75w, https:\/\/app.divetour.eu\/wp-content\/uploads\/2023\/05\/Misija4-125x125.png 125w\" sizes=\"(max-width: 521px) 100vw, 521px\" \/><\/a><\/figure><\/div>\n\n\n<h2 class=\"has-text-align-center wp-block-heading\"><strong>Nuo \u017eod\u017eio iki pasaulio<\/strong><\/h2>\n<\/div>\n<\/div>\n\n\n\n<p><\/p>\n","protected":false},"excerpt":{"rendered":"<p>Turizmas visiems Prieinamumas kaip verslo galimyb\u0117 Prieinam\u0173 paslaug\u0173 teikimas Nuo \u017eod\u017eio iki pasaulio<\/p>\n","protected":false},"author":288,"featured_media":0,"parent":0,"menu_order":42,"comment_status":"closed","ping_status":"closed","template":"","meta":{"footnotes":""},"class_list":["post-14251","page","type-page","status-publish"],"_links":{"self":[{"href":"https:\/\/app.divetour.eu\/lt\/wp-json\/wp\/v2\/pages\/14251"}],"collection":[{"href":"https:\/\/app.divetour.eu\/lt\/wp-json\/wp\/v2\/pages"}],"about":[{"href":"https:\/\/app.divetour.eu\/lt\/wp-json\/wp\/v2\/types\/page"}],"author":[{"embeddable":true,"href":"https:\/\/app.divetour.eu\/lt\/wp-json\/wp\/v2\/users\/288"}],"replies":[{"embeddable":true,"href":"https:\/\/app.divetour.eu\/lt\/wp-json\/wp\/v2\/comments?post=14251"}],"version-history":[{"count":8,"href":"https:\/\/app.divetour.eu\/lt\/wp-json\/wp\/v2\/pages\/14251\/revisions"}],"predecessor-version":[{"id":15222,"href":"https:\/\/app.divetour.eu\/lt\/wp-json\/wp\/v2\/pages\/14251\/revisions\/15222"}],"wp:attachment":[{"href":"https:\/\/app.divetour.eu\/lt\/wp-json\/wp\/v2\/media?parent=14251"}],"curies":[{"name":"wp","href":"https:\/\/api.w.org\/{rel}","templated":true}]}}