{"id":14682,"date":"2023-05-15T14:53:21","date_gmt":"2023-05-15T13:53:21","guid":{"rendered":"https:\/\/app.divetour.eu\/kaip\/"},"modified":"2023-05-15T14:53:21","modified_gmt":"2023-05-15T13:53:21","slug":"kaip","status":"publish","type":"page","link":"https:\/\/app.divetour.eu\/lt\/kaip\/","title":{"rendered":"Kaip"},"content":{"rendered":"\n<div class=\"wp-block-cover alignfull\" style=\"min-height:400px;aspect-ratio:unset;\"><span aria-hidden=\"true\" class=\"wp-block-cover__background has-background-dim-80 has-background-dim\" style=\"background-color:#164194\"><\/span><img loading=\"lazy\" decoding=\"async\" width=\"1920\" height=\"1080\" class=\"wp-block-cover__image-background wp-image-13063\" alt=\"\" src=\"https:\/\/app.divetour.eu\/wp-content\/uploads\/2023\/02\/Banner_Bianco_Nero.png\" style=\"object-position:50% 23%\" data-object-fit=\"cover\" data-object-position=\"50% 23%\" srcset=\"https:\/\/app.divetour.eu\/wp-content\/uploads\/2023\/02\/Banner_Bianco_Nero.png 1920w, https:\/\/app.divetour.eu\/wp-content\/uploads\/2023\/02\/Banner_Bianco_Nero-300x169.png 300w, https:\/\/app.divetour.eu\/wp-content\/uploads\/2023\/02\/Banner_Bianco_Nero-1024x576.png 1024w, https:\/\/app.divetour.eu\/wp-content\/uploads\/2023\/02\/Banner_Bianco_Nero-768x432.png 768w, https:\/\/app.divetour.eu\/wp-content\/uploads\/2023\/02\/Banner_Bianco_Nero-1536x864.png 1536w, https:\/\/app.divetour.eu\/wp-content\/uploads\/2023\/02\/Banner_Bianco_Nero-50x28.png 50w, https:\/\/app.divetour.eu\/wp-content\/uploads\/2023\/02\/Banner_Bianco_Nero-250x141.png 250w\" sizes=\"(max-width: 1920px) 100vw, 1920px\" \/><div class=\"wp-block-cover__inner-container is-layout-flow wp-block-cover-is-layout-flow\">\n<h1 class=\"has-text-align-center wp-block-heading\" style=\"font-size:3em;font-style:normal;font-weight:500\">Kaip<\/h1>\n<\/div><\/div>\n\n<p>\u0160iame puslapyje pateikiama informacija apie mobili\u0105j\u0105 \u017einiatinklio program\u0117l\u0119, pristatomi u\u017eduo\u010di\u0173, kurias reikia atlikti, tipai, paai\u0161kinama, kaip u\u017edirbti ta\u0161kus ir pasiekti skirtingus keliautojo lygius.<\/p>\n\n<div class=\"wp-block-group max-width-group\"><div class=\"wp-block-group__inner-container is-layout-flow wp-block-group-is-layout-flow\">\n<p>Naudodamiesi <strong>\u201eDivetour\u201c program\u0117le<\/strong>, galite patobulinti savo \u017einias ir \u012fg\u016bd\u017eius kuriant visiems prieinam\u0105 turizm\u0105. Perskaitykite \u017eemiau pateikt\u0105 informacij\u0105 ir su\u017einokite, <em>kaip<\/em> veikia \u017eaidim\u0173 program\u0117l\u0117. Pasiruo\u0161\u0119 prad\u0117ti?<\/p>\n\n\n\n<ul class=\"wp-block-list\">\n<li><a href=\"#online-browsing-and-download\">Nar\u0161ymas internete ir atsisiuntimas<\/a><\/li>\n\n\n\n<li><a href=\"#points-and-ranks\">Ta\u0161kai ir lygiai<\/a><\/li>\n<\/ul>\n<\/div><\/div>\n\n<hr class=\"wp-block-separator has-text-color has-accent-color has-css-opacity has-accent-background-color has-background is-style-wide\"\/>\n\n<h2 class=\"has-text-align-center has-accent-color has-text-color wp-block-heading\" id=\"online-browsing-and-download\">Nar\u0161ymas internete ir atsisiuntimas<\/h2>\n\n<h2 class=\"wp-block-heading\">1. Naudojimas kompiuteryje<\/h2>\n\n<p>Nor\u0117dami naudotis <strong>mobili\u0105ja \u017einiatinklio programa asmeniniame kompiuteryje<\/strong>, tiesiog turite apsilankyti adresu <a href=\"https:\/\/gwbapp.eu\/\">app.divetour.eu<\/a> ir nar\u0161yti kaip standartin\u0117je svetain\u0117je.<\/p>\n<div class=\"wp-block-image\">\n<figure class=\"aligncenter size-full is-resized\"><img loading=\"lazy\" decoding=\"async\" src=\"https:\/\/app.divetour.eu\/wp-content\/uploads\/2023\/03\/Mockup-Divetour.png\" alt=\"\" class=\"wp-image-13941\" width=\"496\" height=\"361\" srcset=\"https:\/\/app.divetour.eu\/wp-content\/uploads\/2023\/03\/Mockup-Divetour.png 992w, https:\/\/app.divetour.eu\/wp-content\/uploads\/2023\/03\/Mockup-Divetour-300x218.png 300w, https:\/\/app.divetour.eu\/wp-content\/uploads\/2023\/03\/Mockup-Divetour-768x559.png 768w, https:\/\/app.divetour.eu\/wp-content\/uploads\/2023\/03\/Mockup-Divetour-75x55.png 75w, https:\/\/app.divetour.eu\/wp-content\/uploads\/2023\/03\/Mockup-Divetour-125x91.png 125w\" sizes=\"(max-width: 496px) 100vw, 496px\" \/><\/figure><\/div>\n<h2 class=\"wp-block-heading\">2. Atsisi\u0173skite \u012f savo mobil\u0173j\u012f \u012frengin\u012f<\/h2>\n\n<p>Nor\u0117dami <strong>atsisi\u0173sti mobiliosi\u0105j\u0105 program\u0117l\u0119 \u012f savo i\u0161man\u0173j\u012f telefon\u0105 ar plan\u0161etin\u012f kompiuter\u012f<\/strong>, apsilankykite tuo pa\u010diu adresu naudodami nar\u0161ykl\u0119 savo mobiliajame \u012frenginyje ir:<\/p>\n\n<ul class=\"wp-block-list\">\n<li>Po keli\u0173 sekund\u017ei\u0173 ekrano apa\u010dioje pasirodys nedidel\u0117 reklamin\u0117 juosta, kurioje bus rodoma <em>\u201ePrid\u0117ti \u201eDivetour\u201c program\u0105 prie pagrindinio ekrano\u201c<\/em> -&gt;&gt; Paspauskite reklamjuost\u0119.<\/li>\n<\/ul>\n\n<ul class=\"wp-block-list\">\n<li>Kai kuriuose telefon\u0173 modeliuose ir, atsi\u017evelgiant \u012f naudojam\u0105 nar\u0161ykl\u0119, reklamjuost\u0117 gali nepasirodyti, bet tai &#8211; ne problema! Tokiu atveju <strong>eikite \u012f J\u016bs\u0173 naudojamos nar\u0161ykl\u0117s meniu<\/strong> (\u017eemiau esan\u010dioje nuotraukoje j\u012f vaizduoja 3 ta\u0161kai vir\u0161uje de\u0161in\u0117je) ir pasirinkite element\u0105 <em>\u201ePrid\u0117ti prie pagrindinio ekrano\u201c<\/em>.<\/li>\n<\/ul>\n\n<p><strong>Piktograma pasirodys J\u016bs\u0173 \u012frenginio ekrane<\/strong>, i\u0161 kurio galite pasiekti program\u0105, kaip ir tas, kurias atsisiun\u010diate i\u0161 tradicini\u0173 program\u0173 parduotuvi\u0173.<\/p>\n\n<hr class=\"wp-block-separator has-text-color has-accent-color has-css-opacity has-accent-background-color has-background is-style-wide\"\/>\n\n<h2 class=\"has-text-align-center wp-block-heading\" id=\"points-and-ranks\">Ta\u0161kai ir lygiai<\/h2>\n\n<div style=\"height:25px\" aria-hidden=\"true\" class=\"wp-block-spacer\"><\/div>\n\n<h3 class=\"has-text-align-center wp-block-heading\"><strong>Ta\u0161kai <\/strong><\/h3>\n\n<div class=\"wp-block-columns is-layout-flex wp-container-core-columns-is-layout-1 wp-block-columns-is-layout-flex\">\n<div class=\"wp-block-column is-layout-flow wp-block-column-is-layout-flow\" style=\"flex-basis:25%\"><div class=\"wp-block-image\">\n<figure class=\"aligncenter size-medium is-resized\"><img loading=\"lazy\" decoding=\"async\" src=\"https:\/\/app.divetour.eu\/wp-content\/uploads\/2023\/02\/Bandiera-225x300.png\" alt=\"\" class=\"wp-image-12981\" width=\"56\" height=\"75\" srcset=\"https:\/\/app.divetour.eu\/wp-content\/uploads\/2023\/02\/Bandiera-225x300.png 225w, https:\/\/app.divetour.eu\/wp-content\/uploads\/2023\/02\/Bandiera-187x250.png 187w, https:\/\/app.divetour.eu\/wp-content\/uploads\/2023\/02\/Bandiera.png 515w\" sizes=\"(max-width: 56px) 100vw, 56px\" \/><figcaption class=\"wp-element-caption\">V\u0117liav\u0117l\u0117s<\/figcaption><\/figure><\/div><\/div>\n\n\n\n<div class=\"wp-block-column is-layout-flow wp-block-column-is-layout-flow\">\n<p class=\"has-text-align-left\"><br\/><strong>V\u0117liavos:<\/strong> suteikiamos atlikus sud\u0117tingus pratimus, tokius kaip <em>atvejo analiz\u0117<\/em> ir <em>simuliacin\u0117s u\u017eduotys<\/em><\/p>\n<\/div>\n<\/div>\n\n<div class=\"wp-block-columns is-layout-flex wp-container-core-columns-is-layout-2 wp-block-columns-is-layout-flex\">\n<div class=\"wp-block-column is-layout-flow wp-block-column-is-layout-flow\" style=\"flex-basis:25%\"><div class=\"wp-block-image\">\n<figure class=\"aligncenter size-medium is-resized\"><img loading=\"lazy\" decoding=\"async\" src=\"https:\/\/app.divetour.eu\/wp-content\/uploads\/2023\/02\/Pointer-240x300.png\" alt=\"\" class=\"wp-image-12986\" width=\"60\" height=\"75\" srcset=\"https:\/\/app.divetour.eu\/wp-content\/uploads\/2023\/02\/Pointer-240x300.png 240w, https:\/\/app.divetour.eu\/wp-content\/uploads\/2023\/02\/Pointer-200x250.png 200w, https:\/\/app.divetour.eu\/wp-content\/uploads\/2023\/02\/Pointer.png 515w\" sizes=\"(max-width: 60px) 100vw, 60px\" \/><figcaption class=\"wp-element-caption\">Mylios<\/figcaption><\/figure><\/div><\/div>\n\n\n\n<div class=\"wp-block-column is-layout-flow wp-block-column-is-layout-flow\">\n<p class=\"has-text-align-left\"><br\/><strong>Mylios<\/strong>: suteikiamos, kai sprend\u017eiate <em>testus<\/em> ir <em>situacijas<\/em>.<\/p>\n<\/div>\n<\/div>\n\n<div class=\"wp-block-columns is-layout-flex wp-container-core-columns-is-layout-3 wp-block-columns-is-layout-flex\">\n<div class=\"wp-block-column is-layout-flow wp-block-column-is-layout-flow\" style=\"flex-basis:25%\"><div class=\"wp-block-image\">\n<figure class=\"aligncenter size-medium is-resized\"><img loading=\"lazy\" decoding=\"async\" src=\"https:\/\/app.divetour.eu\/wp-content\/uploads\/2023\/02\/Stampo-266x300.png\" alt=\"\" class=\"wp-image-12991\" width=\"67\" height=\"75\" srcset=\"https:\/\/app.divetour.eu\/wp-content\/uploads\/2023\/02\/Stampo-266x300.png 266w, https:\/\/app.divetour.eu\/wp-content\/uploads\/2023\/02\/Stampo-222x250.png 222w, https:\/\/app.divetour.eu\/wp-content\/uploads\/2023\/02\/Stampo.png 515w\" sizes=\"(max-width: 67px) 100vw, 67px\" \/><figcaption class=\"wp-element-caption\">Antspaudai<\/figcaption><\/figure><\/div><\/div>\n\n\n\n<div class=\"wp-block-column is-layout-flow wp-block-column-is-layout-flow\">\n<p class=\"has-text-align-left\"><br\/><strong>Antspaudai:<\/strong> suteikiami kiekvien\u0105 dien\u0105, kai prisijungiate prie mobiliosios program\u0117l\u0117s.<\/p>\n<\/div>\n<\/div>\n\n<div style=\"height:25px\" aria-hidden=\"true\" class=\"wp-block-spacer\"><\/div>\n\n<h3 class=\"has-text-align-center wp-block-heading\" id=\"ranks-types\"><strong>Lygiai <\/strong><\/h3>\n\n<div class=\"wp-block-columns is-layout-flex wp-container-core-columns-is-layout-4 wp-block-columns-is-layout-flex\">\n<div class=\"wp-block-column is-layout-flow wp-block-column-is-layout-flow\" style=\"flex-basis:25%\"><div class=\"wp-block-image\">\n<figure class=\"aligncenter size-full\"><img loading=\"lazy\" decoding=\"async\" width=\"800\" height=\"600\" src=\"https:\/\/app.divetour.eu\/wp-content\/uploads\/2019\/02\/Macchina_foto_ragazza-1.png\" alt=\"\" class=\"wp-image-13009\" srcset=\"https:\/\/app.divetour.eu\/wp-content\/uploads\/2019\/02\/Macchina_foto_ragazza-1.png 800w, https:\/\/app.divetour.eu\/wp-content\/uploads\/2019\/02\/Macchina_foto_ragazza-1-300x225.png 300w, https:\/\/app.divetour.eu\/wp-content\/uploads\/2019\/02\/Macchina_foto_ragazza-1-768x576.png 768w, https:\/\/app.divetour.eu\/wp-content\/uploads\/2019\/02\/Macchina_foto_ragazza-1-50x38.png 50w, https:\/\/app.divetour.eu\/wp-content\/uploads\/2019\/02\/Macchina_foto_ragazza-1-250x188.png 250w\" sizes=\"(max-width: 800px) 100vw, 800px\" \/><figcaption class=\"wp-element-caption\">Turisto lygis<\/figcaption><\/figure><\/div><\/div>\n\n\n\n<div class=\"wp-block-column is-layout-flow wp-block-column-is-layout-flow\">\n<div style=\"height:30px\" aria-hidden=\"true\" class=\"wp-block-spacer\"><\/div>\n\n\n\n<p class=\"has-text-align-left\"><br\/><strong>Tourist<\/strong>: this is the starter rank for every user.<\/p>\n<\/div>\n\n\n\n<div class=\"wp-block-column is-layout-flow wp-block-column-is-layout-flow\">\n<div style=\"height:45px\" aria-hidden=\"true\" class=\"wp-block-spacer\"><\/div>\n\n\n<div class=\"wp-block-image\">\n<figure class=\"aligncenter size-full\"><img loading=\"lazy\" decoding=\"async\" width=\"799\" height=\"533\" src=\"https:\/\/app.divetour.eu\/wp-content\/uploads\/2019\/02\/Mappa_ragazzo2.png\" alt=\"\" class=\"wp-image-13002\" srcset=\"https:\/\/app.divetour.eu\/wp-content\/uploads\/2019\/02\/Mappa_ragazzo2.png 799w, https:\/\/app.divetour.eu\/wp-content\/uploads\/2019\/02\/Mappa_ragazzo2-300x200.png 300w, https:\/\/app.divetour.eu\/wp-content\/uploads\/2019\/02\/Mappa_ragazzo2-768x512.png 768w, https:\/\/app.divetour.eu\/wp-content\/uploads\/2019\/02\/Mappa_ragazzo2-50x33.png 50w, https:\/\/app.divetour.eu\/wp-content\/uploads\/2019\/02\/Mappa_ragazzo2-250x167.png 250w\" sizes=\"(max-width: 799px) 100vw, 799px\" \/><figcaption class=\"wp-element-caption\">Adventurer Rank<\/figcaption><\/figure><\/div><\/div>\n\n\n\n<div class=\"wp-block-column is-layout-flow wp-block-column-is-layout-flow\">\n<div style=\"height:45px\" aria-hidden=\"true\" class=\"wp-block-spacer\"><\/div>\n\n\n\n<p><strong>Adventurer<\/strong>: you can unlock this rank by completing Mission 1.<\/p>\n<\/div>\n<\/div>\n\n<div class=\"wp-block-columns is-layout-flex wp-container-core-columns-is-layout-5 wp-block-columns-is-layout-flex\">\n<div class=\"wp-block-column is-layout-flow wp-block-column-is-layout-flow\" style=\"flex-basis:25%\"><div class=\"wp-block-image\">\n<figure class=\"aligncenter size-full\"><img loading=\"lazy\" decoding=\"async\" width=\"800\" height=\"600\" src=\"https:\/\/app.divetour.eu\/wp-content\/uploads\/2023\/02\/Mondo_Vespista.png\" alt=\"\" class=\"wp-image-12997\" srcset=\"https:\/\/app.divetour.eu\/wp-content\/uploads\/2023\/02\/Mondo_Vespista.png 800w, https:\/\/app.divetour.eu\/wp-content\/uploads\/2023\/02\/Mondo_Vespista-300x225.png 300w, https:\/\/app.divetour.eu\/wp-content\/uploads\/2023\/02\/Mondo_Vespista-768x576.png 768w, https:\/\/app.divetour.eu\/wp-content\/uploads\/2023\/02\/Mondo_Vespista-50x38.png 50w, https:\/\/app.divetour.eu\/wp-content\/uploads\/2023\/02\/Mondo_Vespista-250x188.png 250w\" sizes=\"(max-width: 800px) 100vw, 800px\" \/><figcaption class=\"wp-element-caption\">Globetrotter Rank<\/figcaption><\/figure><\/div><\/div>\n\n\n\n<div class=\"wp-block-column is-layout-flow wp-block-column-is-layout-flow\">\n<p class=\"has-text-align-left\"><br\/><strong>Globetrotter<\/strong>: you can unlock this rank by completing Mission 2.<\/p>\n<\/div>\n\n\n\n<div class=\"wp-block-column is-layout-flow wp-block-column-is-layout-flow\"><div class=\"wp-block-image\">\n<figure class=\"aligncenter size-full\"><img loading=\"lazy\" decoding=\"async\" width=\"800\" height=\"600\" src=\"https:\/\/app.divetour.eu\/wp-content\/uploads\/2019\/02\/Telescopio_ragazza.png\" alt=\"\" class=\"wp-image-13014\" srcset=\"https:\/\/app.divetour.eu\/wp-content\/uploads\/2019\/02\/Telescopio_ragazza.png 800w, https:\/\/app.divetour.eu\/wp-content\/uploads\/2019\/02\/Telescopio_ragazza-300x225.png 300w, https:\/\/app.divetour.eu\/wp-content\/uploads\/2019\/02\/Telescopio_ragazza-768x576.png 768w, https:\/\/app.divetour.eu\/wp-content\/uploads\/2019\/02\/Telescopio_ragazza-50x38.png 50w, https:\/\/app.divetour.eu\/wp-content\/uploads\/2019\/02\/Telescopio_ragazza-250x188.png 250w\" sizes=\"(max-width: 800px) 100vw, 800px\" \/><figcaption class=\"wp-element-caption\">Explorer Rank<\/figcaption><\/figure><\/div><\/div>\n\n\n\n<div class=\"wp-block-column is-layout-flow wp-block-column-is-layout-flow\">\n<p class=\"has-text-align-left\"><br\/><strong>Explorer<\/strong>: you can unlock this rank by complete all the Missions.<\/p>\n<\/div>\n<\/div>\n","protected":false},"excerpt":{"rendered":"<p>\u0160iame puslapyje pateikiama informacija apie mobili\u0105j\u0105 \u017einiatinklio program\u0117l\u0119, pristatomi u\u017eduo\u010di\u0173, kurias reikia atlikti, tipai, paai\u0161kinama, kaip u\u017edirbti ta\u0161kus ir pasiekti skirtingus keliautojo lygius. Naudodamiesi \u201eDivetour\u201c program\u0117le, galite patobulinti savo \u017einias ir \u012fg\u016bd\u017eius kuriant visiems prieinam\u0105 turizm\u0105. Perskaitykite \u017eemiau pateikt\u0105 informacij\u0105 ir su\u017einokite, kaip veikia \u017eaidim\u0173 program\u0117l\u0117. Pasiruo\u0161\u0119 prad\u0117ti? Nar\u0161ymas internete ir atsisiuntimas 1. Naudojimas kompiuteryje &#8230; <a title=\"Kaip\" class=\"read-more\" href=\"https:\/\/app.divetour.eu\/lt\/kaip\/\" aria-label=\"More on Kaip\">Read more<\/a><\/p>\n","protected":false},"author":288,"featured_media":0,"parent":0,"menu_order":4,"comment_status":"closed","ping_status":"closed","template":"","meta":{"footnotes":""},"class_list":["post-14682","page","type-page","status-publish"],"_links":{"self":[{"href":"https:\/\/app.divetour.eu\/lt\/wp-json\/wp\/v2\/pages\/14682"}],"collection":[{"href":"https:\/\/app.divetour.eu\/lt\/wp-json\/wp\/v2\/pages"}],"about":[{"href":"https:\/\/app.divetour.eu\/lt\/wp-json\/wp\/v2\/types\/page"}],"author":[{"embeddable":true,"href":"https:\/\/app.divetour.eu\/lt\/wp-json\/wp\/v2\/users\/288"}],"replies":[{"embeddable":true,"href":"https:\/\/app.divetour.eu\/lt\/wp-json\/wp\/v2\/comments?post=14682"}],"version-history":[{"count":1,"href":"https:\/\/app.divetour.eu\/lt\/wp-json\/wp\/v2\/pages\/14682\/revisions"}],"predecessor-version":[{"id":14683,"href":"https:\/\/app.divetour.eu\/lt\/wp-json\/wp\/v2\/pages\/14682\/revisions\/14683"}],"wp:attachment":[{"href":"https:\/\/app.divetour.eu\/lt\/wp-json\/wp\/v2\/media?parent=14682"}],"curies":[{"name":"wp","href":"https:\/\/api.w.org\/{rel}","templated":true}]}}